{"id":379,"date":"2021-08-04T18:09:54","date_gmt":"2021-08-04T12:39:54","guid":{"rendered":"http:\/\/eichelconsulting.sushiwebs.com\/?page_id=379"},"modified":"2021-10-22T11:43:11","modified_gmt":"2021-10-22T10:43:11","slug":"servicos","status":"publish","type":"page","link":"https:\/\/pastistoday.com\/de\/servicos\/","title":{"rendered":"Servi\u00e7os disponivilizados"},"content":{"rendered":"<h1><strong>Servi\u00e7os Disponibilizados<\/strong><\/h1>\n<p><i>Confira os meus servi\u00e7os e consulte me para uma proposta <\/i><b><i>sob medida<\/i><\/b><i> para sua empresa.<\/i><\/p>\n<ul>\n<li>An\u00e1lise prospec\u00e7\u00e3o de neg\u00f3cios;<\/li>\n<li>Detectar expectativas e necessidades de empresas;<\/li>\n<li>Realizar o estudo de viabilidade, avaliar alternativas e solu\u00e7\u00f5es;<\/li>\n<li>Efetuar mapeamento do neg\u00f3cio por meio de pesquisas de mercado, levantamento de clientes e fornecedores;<\/li>\n<li>Acompanhamento e representa\u00e7\u00e3o em feiras e eventos;<\/li>\n<li>Elabora\u00e7\u00e3o do plano de neg\u00f3cio, negociar condi\u00e7\u00f5es e prioridades de projetos;<\/li>\n<li>Levantamento, an\u00e1lise e coordena\u00e7\u00e3o de plataformas digitais e marketplace;<\/li>\n<li>Elabora\u00e7\u00e3o de relat\u00f3rios de comiss\u00e3o relat\u00f3rios de informa\u00e7\u00f5es gerenciais e administrativas, controles de fluxo de caixa, concilia\u00e7\u00e3o banc\u00e1ria de receitas e despesas.<\/li>\n<li>An\u00e1lise documental e controle de correspond\u00eancias, redigir comunicados normas e procedimentos.<\/li>\n<\/ul>\n\t\t\t\t<img decoding=\"async\" src=\"http:\/\/pastistoday.com\/wp-content\/uploads\/2021\/08\/Consulting.jpg\" alt=\"Consulting\" itemprop=\"image\" title=\"Consulting\" onerror=\"this.style.display='none'\"  \/>\n\t\t\t\t<img decoding=\"async\" src=\"http:\/\/pastistoday.com\/wp-content\/uploads\/2021\/08\/europe-brazil.jpeg\" alt=\"europe-brazil\" itemprop=\"image\" title=\"europe-brazil\" onerror=\"this.style.display='none'\"  \/>\n\t<h2><strong>Pre\u00e7os<\/strong><\/h2>\n<table cellspacing=\"0\" cellpadding=\"0\">\n<tbody>\n<tr>\n<td rowspan=\"3\" valign=\"bottom\">\n<b>Plano de Neg\u00f3cio<\/b>\n<\/td>\n<td valign=\"bottom\"><b><i>Conceito<\/i><\/b><\/td>\n<td valign=\"top\">\n<b>300,00 \u20ac<\/b>\n<\/td>\n<\/tr>\n<tr>\n<td valign=\"bottom\"><b><i>Coaching<\/i><\/b><\/td>\n<td valign=\"top\">\n<b>525,00 \u20ac<\/b>\n<\/td>\n<\/tr>\n<tr>\n<td valign=\"bottom\"><b><i>Completo<\/i><\/b><\/td>\n<td valign=\"top\">\n<b>750,00 at\u00e9 1500,00<\/b>\n<\/td>\n<\/tr>\n<tr>\n<td rowspan=\"3\" valign=\"bottom\">\n<b>Pesquisa de Mercado<\/b>\n<\/td>\n<td valign=\"bottom\"><b><i>Internet<\/i><\/b><\/td>\n<td valign=\"top\">\n<b>50,00 \u20ac<\/b>\n<\/td>\n<\/tr>\n<tr>\n<td valign=\"bottom\"><b><i>Em loco<\/i><\/b><\/td>\n<td valign=\"top\">\n<b>100,00 \u20ac<\/b>\n<\/td>\n<\/tr>\n<tr>\n<td valign=\"bottom\"><b><i>Espec\u00edfica<\/i><\/b><\/td>\n<td valign=\"top\">\n<b>250,00 at\u00e9 6500,00<\/b>\n<\/td>\n<\/tr>\n<tr>\n<td valign=\"bottom\">\n<b> Adequa\u00e7ao da Marca<\/b>\n<\/td>\n<td valign=\"bottom\"><b><i>\u00a0Conceito<\/i><\/b><\/td>\n<td valign=\"top\">\n<b>50,00 \u20ac<\/b>\n<\/td>\n<\/tr>\n<tr>\n<td valign=\"bottom\">\n<b>Aceita\u00e7ao do Produto<\/b>\n<\/td>\n<td valign=\"bottom\"><b><i>\u00a0Em loco<\/i><\/b><\/td>\n<td valign=\"top\">\n<b>50,00 \u20ac<\/b>\n<\/td>\n<\/tr>\n<tr>\n<td rowspan=\"3\" valign=\"bottom\">\n<b>Pesquisa de Cliente e Fornecedor<\/b>\n<\/td>\n<td valign=\"bottom\"><b><i>Telefone<\/i><\/b><\/td>\n<td valign=\"top\">\n<b>15,00 \u20ac<\/b>\n<\/td>\n<\/tr>\n<tr>\n<td valign=\"bottom\"><b><i>Internet<\/i><\/b><\/td>\n<td valign=\"top\">\n<b>10,00 \u20ac<\/b>\n<\/td>\n<\/tr>\n<tr>\n<td valign=\"bottom\"><b><i>Em Loco<\/i><\/b><\/td>\n<td valign=\"top\">\n<b>50,00 \u20ac<\/b>\n<\/td>\n<\/tr>\n<tr>\n<td rowspan=\"2\" valign=\"bottom\">\n<b>Plataformas Digitais<\/b>\n<\/td>\n<td valign=\"bottom\"><b><i>E-Commerce<\/i><\/b><\/td>\n<td valign=\"top\">\n<b>500,00 \u20ac<\/b>\n<\/td>\n<\/tr>\n<tr>\n<td valign=\"bottom\"><b><i>Redes sociais<\/i><\/b><\/td>\n<td valign=\"top\">\n<b>500,00 \u20ac<\/b>\n<\/td>\n<\/tr>\n<tr>\n<td valign=\"bottom\">\n<b>Feiras e Eventos<\/b>\n<\/td>\n<td valign=\"bottom\"><b><i>\u00a0<\/i><\/b><\/td>\n<td valign=\"top\">\n<b>500,00 \u20ac<\/b>\n<\/td>\n<\/tr>\n<tr>\n<td valign=\"bottom\">\n<b>Servi\u00e7o de escrit\u00f3rio<\/b>\n<\/td>\n<td valign=\"bottom\"><b><i>\u00a0<\/i><\/b><\/td>\n<td valign=\"top\">\n<b>45,00 at\u00e9 160,00<\/b>\n<\/td>\n<\/tr>\n<\/tbody>\n<\/table>\n\t\t\t\t<img decoding=\"async\" src=\"http:\/\/pastistoday.com\/wp-content\/uploads\/2021\/08\/11062b_ce59edc6cb3a407285f6912bf555b222_mv2.webp\" alt=\"11062b_ce59edc6cb3a407285f6912bf555b222_mv2\" itemprop=\"image\" title=\"11062b_ce59edc6cb3a407285f6912bf555b222_mv2\" onerror=\"this.style.display='none'\"  \/>","protected":false},"excerpt":{"rendered":"<p>Servi\u00e7os Disponibilizados Confira os meus servi\u00e7os e consulte me para uma proposta sob medida para sua empresa. An\u00e1lise prospec\u00e7\u00e3o de neg\u00f3cios; Detectar expectativas e necessidades de empresas; Realizar o estudo de viabilidade, avaliar alternativas e solu\u00e7\u00f5es; Efetuar mapeamento do neg\u00f3cio por meio de pesquisas de mercado, levantamento de clientes e fornecedores; Acompanhamento e representa\u00e7\u00e3o em&hellip;<\/p>","protected":false},"author":5,"featured_media":0,"parent":0,"menu_order":0,"comment_status":"closed","ping_status":"closed","template":"","meta":{"footnotes":""},"class_list":["post-379","page","type-page","status-publish","hentry"],"_links":{"self":[{"href":"https:\/\/pastistoday.com\/de\/wp-json\/wp\/v2\/pages\/379","targetHints":{"allow":["GET"]}}],"collection":[{"href":"https:\/\/pastistoday.com\/de\/wp-json\/wp\/v2\/pages"}],"about":[{"href":"https:\/\/pastistoday.com\/de\/wp-json\/wp\/v2\/types\/page"}],"author":[{"embeddable":true,"href":"https:\/\/pastistoday.com\/de\/wp-json\/wp\/v2\/users\/5"}],"replies":[{"embeddable":true,"href":"https:\/\/pastistoday.com\/de\/wp-json\/wp\/v2\/comments?post=379"}],"version-history":[{"count":18,"href":"https:\/\/pastistoday.com\/de\/wp-json\/wp\/v2\/pages\/379\/revisions"}],"predecessor-version":[{"id":1153,"href":"https:\/\/pastistoday.com\/de\/wp-json\/wp\/v2\/pages\/379\/revisions\/1153"}],"wp:attachment":[{"href":"https:\/\/pastistoday.com\/de\/wp-json\/wp\/v2\/media?parent=379"}],"curies":[{"name":"wp","href":"https:\/\/api.w.org\/{rel}","templated":true}]}}